{"id":6588,"date":"2024-08-27T17:27:04","date_gmt":"2024-08-27T17:27:04","guid":{"rendered":"https:\/\/vedadcolic.online\/clients\/reic\/?page_id=6588"},"modified":"2024-12-11T16:33:47","modified_gmt":"2024-12-11T16:33:47","slug":"solarna-biblioteka","status":"publish","type":"page","link":"https:\/\/reic.org.ba\/index.php\/zajedno-pod-suncem\/solarna-biblioteka\/","title":{"rendered":"Solarna biblioteka"},"content":{"rendered":"    <a class=\"back-button g-btn\" type=\"button\" href=\"https:\/\/reic.org.ba\/index.php\/zajedno-pod-suncem\/\"><svg xmlns=\"http:\/\/www.w3.org\/2000\/svg\" height=\"50px\" viewBox=\"0 -960 960 960\" width=\"24px\" fill=\"#f5b800\">\n                <path d=\"M240-240v-480h80v480h-80Zm440 0L440-480l240-240 56 56-184 184 184 184-56 56Z\" \/>\n    <\/svg> Nazad<\/a>\n    <div class=\"main-wrapper\">\n                <div class=\"title\">Solarna biblioteka\n                <\/div>\n                <p class=\"description\">Otkrijte sve \u0161to trebate znati o solarnoj energiji! Na\u0161a Solarna Biblioteka nudi informacije o prednostima i potencijalima obnovljivih izvora energije kao i zakonskoj legislativi za solarne panele.\n                <\/p>\n          <\/div><div id=\"zps-file-list\"><div class=\"zps-file-item\" data-page=\"0\"><a href=\"https:\/\/vedadcolic.online\/clients\/reic\/wp-content\/uploads\/zps_files\/KAKO%20PODSTA\u0106I%20PROMJENE%20I%20POVE\u0106ATI%20KORI\u0160TENJE%20SUN\u010cEVE%20ENERGIJE%20U%20GRADOVIMA%20I%20OP\u0106INAMA.pdf\" download><svg xmlns=\"http:\/\/www.w3.org\/2000\/svg\" height=\"24px\" viewBox=\"0 -960 960 960\" width=\"24px\" fill=\"#333\"><path d=\"M480-320 280-520l56-58 104 104v-326h80v326l104-104 56 58-200 200ZM240-160q-33 0-56.5-23.5T160-240v-120h80v120h480v-120h80v120q0 33-23.5 56.5T720-160H240Z\"\/><\/svg>KAKO PODSTA\u0106I PROMJENE I POVE\u0106ATI KORI\u0160TENJE SUN\u010cEVE ENERGIJE U GRADOVIMA I OP\u0106INAMA.pdf<\/a><\/div><div class=\"zps-file-item\" data-page=\"0\"><a href=\"https:\/\/vedadcolic.online\/clients\/reic\/wp-content\/uploads\/zps_files\/POSTANI%20PROIZVO\u0110A\u010c-%20POTRO\u0160A\u010c%20ENERGIJE.pdf\" download><svg xmlns=\"http:\/\/www.w3.org\/2000\/svg\" height=\"24px\" viewBox=\"0 -960 960 960\" width=\"24px\" fill=\"#333\"><path d=\"M480-320 280-520l56-58 104 104v-326h80v326l104-104 56 58-200 200ZM240-160q-33 0-56.5-23.5T160-240v-120h80v120h480v-120h80v120q0 33-23.5 56.5T720-160H240Z\"\/><\/svg>POSTANI PROIZVO\u0110A\u010c- POTRO\u0160A\u010c ENERGIJE.pdf<\/a><\/div><div class=\"zps-file-item\" data-page=\"0\"><a href=\"https:\/\/vedadcolic.online\/clients\/reic\/wp-content\/uploads\/zps_files\/SMJERNICE%20ZA%20INVESTIRANJE%20U%20SOLARNU%20ENERGIJU.pdf\" download><svg xmlns=\"http:\/\/www.w3.org\/2000\/svg\" height=\"24px\" viewBox=\"0 -960 960 960\" width=\"24px\" fill=\"#333\"><path d=\"M480-320 280-520l56-58 104 104v-326h80v326l104-104 56 58-200 200ZM240-160q-33 0-56.5-23.5T160-240v-120h80v120h480v-120h80v120q0 33-23.5 56.5T720-160H240Z\"\/><\/svg>SMJERNICE ZA INVESTIRANJE U SOLARNU ENERGIJU.pdf<\/a><\/div><div class=\"zps-file-item\" data-page=\"0\"><a href=\"https:\/\/vedadcolic.online\/clients\/reic\/wp-content\/uploads\/zps_files\/SMJERNICE%20ZA%20OPTIMALNI%20DIZAJN%20I%20PROVEDBU%20PROJEKATA%20SOLARNE%20ENERGIJE.pdf\" download><svg xmlns=\"http:\/\/www.w3.org\/2000\/svg\" height=\"24px\" viewBox=\"0 -960 960 960\" width=\"24px\" fill=\"#333\"><path d=\"M480-320 280-520l56-58 104 104v-326h80v326l104-104 56 58-200 200ZM240-160q-33 0-56.5-23.5T160-240v-120h80v120h480v-120h80v120q0 33-23.5 56.5T720-160H240Z\"\/><\/svg>SMJERNICE ZA OPTIMALNI DIZAJN I PROVEDBU PROJEKATA SOLARNE ENERGIJE.pdf<\/a><\/div><div class=\"zps-file-item\" data-page=\"0\"><a href=\"https:\/\/vedadcolic.online\/clients\/reic\/wp-content\/uploads\/zps_files\/VODIC%20ZA%20INVESTIRANJE%20U%20SOLARNU%20ENERGIJU%20U%20BIH.pdf\" download><svg xmlns=\"http:\/\/www.w3.org\/2000\/svg\" height=\"24px\" viewBox=\"0 -960 960 960\" width=\"24px\" fill=\"#333\"><path d=\"M480-320 280-520l56-58 104 104v-326h80v326l104-104 56 58-200 200ZM240-160q-33 0-56.5-23.5T160-240v-120h80v120h480v-120h80v120q0 33-23.5 56.5T720-160H240Z\"\/><\/svg>VODIC ZA INVESTIRANJE U SOLARNU ENERGIJU U BIH.pdf<\/a><\/div><\/div><div id=\"zps-pagination\"><button class=\"zps-page-button\" data-page=\"0\">1<\/button><\/div>\n","protected":false},"excerpt":{"rendered":"Nazad Solarna biblioteka Otkrijte sve \u0161to trebate znati o solarnoj energiji! Na\u0161a Solarna Biblioteka nudi informacije o prednostima i potencijalima [...]","protected":false},"author":1,"featured_media":0,"parent":6584,"menu_order":0,"comment_status":"closed","ping_status":"closed","template":"","meta":{"footnotes":""},"class_list":["post-6588","page","type-page","status-publish","hentry"],"yoast_head":"<!-- This site is optimized with the Yoast SEO plugin v25.1 - https:\/\/yoast.com\/wordpress\/plugins\/seo\/ -->\n<title>Solarna biblioteka - REIC<\/title>\n<meta name=\"robots\" content=\"index, follow, max-snippet:-1, max-image-preview:large, max-video-preview:-1\" \/>\n<link rel=\"canonical\" href=\"https:\/\/reic.org.ba\/index.php\/zajedno-pod-suncem\/solarna-biblioteka\/\" \/>\n<meta property=\"og:locale\" content=\"en_US\" \/>\n<meta property=\"og:type\" content=\"article\" \/>\n<meta property=\"og:title\" content=\"Solarna biblioteka - REIC\" \/>\n<meta property=\"og:url\" content=\"https:\/\/reic.org.ba\/index.php\/zajedno-pod-suncem\/solarna-biblioteka\/\" \/>\n<meta property=\"og:site_name\" content=\"REIC\" \/>\n<meta property=\"article:publisher\" content=\"https:\/\/www.facebook.com\/reic.sarajevo\/\" \/>\n<meta property=\"article:modified_time\" content=\"2024-12-11T16:33:47+00:00\" \/>\n<meta name=\"twitter:card\" content=\"summary_large_image\" \/>\n<script type=\"application\/ld+json\" class=\"yoast-schema-graph\">{\"@context\":\"https:\/\/schema.org\",\"@graph\":[{\"@type\":\"WebPage\",\"@id\":\"https:\/\/reic.org.ba\/index.php\/zajedno-pod-suncem\/solarna-biblioteka\/\",\"url\":\"https:\/\/reic.org.ba\/index.php\/zajedno-pod-suncem\/solarna-biblioteka\/\",\"name\":\"Solarna biblioteka - REIC\",\"isPartOf\":{\"@id\":\"https:\/\/reic.org.ba\/#website\"},\"datePublished\":\"2024-08-27T17:27:04+00:00\",\"dateModified\":\"2024-12-11T16:33:47+00:00\",\"breadcrumb\":{\"@id\":\"https:\/\/reic.org.ba\/index.php\/zajedno-pod-suncem\/solarna-biblioteka\/#breadcrumb\"},\"inLanguage\":\"en-US\",\"potentialAction\":[{\"@type\":\"ReadAction\",\"target\":[\"https:\/\/reic.org.ba\/index.php\/zajedno-pod-suncem\/solarna-biblioteka\/\"]}]},{\"@type\":\"BreadcrumbList\",\"@id\":\"https:\/\/reic.org.ba\/index.php\/zajedno-pod-suncem\/solarna-biblioteka\/#breadcrumb\",\"itemListElement\":[{\"@type\":\"ListItem\",\"position\":1,\"name\":\"Home\",\"item\":\"https:\/\/reic.org.ba\/\"},{\"@type\":\"ListItem\",\"position\":2,\"name\":\"Zajedno pod suncem\",\"item\":\"https:\/\/reic.org.ba\/index.php\/zajedno-pod-suncem\/\"},{\"@type\":\"ListItem\",\"position\":3,\"name\":\"Solarna biblioteka\"}]},{\"@type\":\"WebSite\",\"@id\":\"https:\/\/reic.org.ba\/#website\",\"url\":\"https:\/\/reic.org.ba\/\",\"name\":\"REIC\",\"description\":\"Regional Education and Information Centre for Sustainable Development in South - East Europe\",\"potentialAction\":[{\"@type\":\"SearchAction\",\"target\":{\"@type\":\"EntryPoint\",\"urlTemplate\":\"https:\/\/reic.org.ba\/?s={search_term_string}\"},\"query-input\":{\"@type\":\"PropertyValueSpecification\",\"valueRequired\":true,\"valueName\":\"search_term_string\"}}],\"inLanguage\":\"en-US\"}]}<\/script>\n<!-- \/ Yoast SEO plugin. -->","yoast_head_json":{"title":"Solarna biblioteka - REIC","robots":{"index":"index","follow":"follow","max-snippet":"max-snippet:-1","max-image-preview":"max-image-preview:large","max-video-preview":"max-video-preview:-1"},"canonical":"https:\/\/reic.org.ba\/index.php\/zajedno-pod-suncem\/solarna-biblioteka\/","og_locale":"en_US","og_type":"article","og_title":"Solarna biblioteka - REIC","og_url":"https:\/\/reic.org.ba\/index.php\/zajedno-pod-suncem\/solarna-biblioteka\/","og_site_name":"REIC","article_publisher":"https:\/\/www.facebook.com\/reic.sarajevo\/","article_modified_time":"2024-12-11T16:33:47+00:00","twitter_card":"summary_large_image","schema":{"@context":"https:\/\/schema.org","@graph":[{"@type":"WebPage","@id":"https:\/\/reic.org.ba\/index.php\/zajedno-pod-suncem\/solarna-biblioteka\/","url":"https:\/\/reic.org.ba\/index.php\/zajedno-pod-suncem\/solarna-biblioteka\/","name":"Solarna biblioteka - REIC","isPartOf":{"@id":"https:\/\/reic.org.ba\/#website"},"datePublished":"2024-08-27T17:27:04+00:00","dateModified":"2024-12-11T16:33:47+00:00","breadcrumb":{"@id":"https:\/\/reic.org.ba\/index.php\/zajedno-pod-suncem\/solarna-biblioteka\/#breadcrumb"},"inLanguage":"en-US","potentialAction":[{"@type":"ReadAction","target":["https:\/\/reic.org.ba\/index.php\/zajedno-pod-suncem\/solarna-biblioteka\/"]}]},{"@type":"BreadcrumbList","@id":"https:\/\/reic.org.ba\/index.php\/zajedno-pod-suncem\/solarna-biblioteka\/#breadcrumb","itemListElement":[{"@type":"ListItem","position":1,"name":"Home","item":"https:\/\/reic.org.ba\/"},{"@type":"ListItem","position":2,"name":"Zajedno pod suncem","item":"https:\/\/reic.org.ba\/index.php\/zajedno-pod-suncem\/"},{"@type":"ListItem","position":3,"name":"Solarna biblioteka"}]},{"@type":"WebSite","@id":"https:\/\/reic.org.ba\/#website","url":"https:\/\/reic.org.ba\/","name":"REIC","description":"Regional Education and Information Centre for Sustainable Development in South - East Europe","potentialAction":[{"@type":"SearchAction","target":{"@type":"EntryPoint","urlTemplate":"https:\/\/reic.org.ba\/?s={search_term_string}"},"query-input":{"@type":"PropertyValueSpecification","valueRequired":true,"valueName":"search_term_string"}}],"inLanguage":"en-US"}]}},"_links":{"self":[{"href":"https:\/\/reic.org.ba\/index.php\/wp-json\/wp\/v2\/pages\/6588","targetHints":{"allow":["GET"]}}],"collection":[{"href":"https:\/\/reic.org.ba\/index.php\/wp-json\/wp\/v2\/pages"}],"about":[{"href":"https:\/\/reic.org.ba\/index.php\/wp-json\/wp\/v2\/types\/page"}],"author":[{"embeddable":true,"href":"https:\/\/reic.org.ba\/index.php\/wp-json\/wp\/v2\/users\/1"}],"replies":[{"embeddable":true,"href":"https:\/\/reic.org.ba\/index.php\/wp-json\/wp\/v2\/comments?post=6588"}],"version-history":[{"count":2,"href":"https:\/\/reic.org.ba\/index.php\/wp-json\/wp\/v2\/pages\/6588\/revisions"}],"predecessor-version":[{"id":6725,"href":"https:\/\/reic.org.ba\/index.php\/wp-json\/wp\/v2\/pages\/6588\/revisions\/6725"}],"up":[{"embeddable":true,"href":"https:\/\/reic.org.ba\/index.php\/wp-json\/wp\/v2\/pages\/6584"}],"wp:attachment":[{"href":"https:\/\/reic.org.ba\/index.php\/wp-json\/wp\/v2\/media?parent=6588"}],"curies":[{"name":"wp","href":"https:\/\/api.w.org\/{rel}","templated":true}]}}